{"id":1076,"date":"2025-12-09T20:30:41","date_gmt":"2025-12-09T20:30:41","guid":{"rendered":"https:\/\/asaforte.com\/?page_id=1076"},"modified":"2025-12-13T11:55:18","modified_gmt":"2025-12-13T11:55:18","slug":"agro-aero","status":"publish","type":"page","link":"https:\/\/asaforte.com\/?page_id=1076","title":{"rendered":"Agro-Aero"},"content":{"rendered":"\n<figure class=\"wp-block-video\"><video height=\"720\" style=\"aspect-ratio: 1280 \/ 720;\" width=\"1280\" controls src=\"https:\/\/asaforte.com\/wp-content\/uploads\/2025\/12\/aero-spray-1.mp4\"><\/video><\/figure>\n\n\n\n<div class=\"wp-block-columns is-layout-flex wp-container-core-columns-is-layout-9d6595d7 wp-block-columns-is-layout-flex\">\n<div class=\"wp-block-column is-layout-flow wp-block-column-is-layout-flow\"><div class=\"wp-block-image\">\n<figure class=\"aligncenter size-large is-resized\"><img loading=\"lazy\" decoding=\"async\" width=\"822\" height=\"1024\" src=\"https:\/\/asaforte.com\/wp-content\/uploads\/2025\/12\/must-be-made-usa-d-822x1024.png\" alt=\"\" class=\"wp-image-1066\" style=\"width:289px;height:auto\" srcset=\"https:\/\/asaforte.com\/wp-content\/uploads\/2025\/12\/must-be-made-usa-d-822x1024.png 822w, https:\/\/asaforte.com\/wp-content\/uploads\/2025\/12\/must-be-made-usa-d-241x300.png 241w, https:\/\/asaforte.com\/wp-content\/uploads\/2025\/12\/must-be-made-usa-d-768x957.png 768w, https:\/\/asaforte.com\/wp-content\/uploads\/2025\/12\/must-be-made-usa-d-1233x1536.png 1233w, https:\/\/asaforte.com\/wp-content\/uploads\/2025\/12\/must-be-made-usa-d-1644x2048.png 1644w, https:\/\/asaforte.com\/wp-content\/uploads\/2025\/12\/must-be-made-usa-d.png 1766w\" sizes=\"auto, (max-width: 822px) 100vw, 822px\" \/><\/figure>\n<\/div><\/div>\n\n\n\n<div class=\"wp-block-column is-layout-flow wp-block-column-is-layout-flow\"><div class=\"wp-block-image\">\n<figure class=\"alignleft size-large\"><img loading=\"lazy\" decoding=\"async\" width=\"1024\" height=\"1010\" src=\"https:\/\/asaforte.com\/wp-content\/uploads\/2025\/12\/engines-made-usa-1024x1010.png\" alt=\"\" class=\"wp-image-1057\" srcset=\"https:\/\/asaforte.com\/wp-content\/uploads\/2025\/12\/engines-made-usa-1024x1010.png 1024w, https:\/\/asaforte.com\/wp-content\/uploads\/2025\/12\/engines-made-usa-300x296.png 300w, https:\/\/asaforte.com\/wp-content\/uploads\/2025\/12\/engines-made-usa-768x757.png 768w, https:\/\/asaforte.com\/wp-content\/uploads\/2025\/12\/engines-made-usa-1536x1515.png 1536w, https:\/\/asaforte.com\/wp-content\/uploads\/2025\/12\/engines-made-usa-2048x2020.png 2048w\" sizes=\"auto, (max-width: 1024px) 100vw, 1024px\" \/><\/figure>\n<\/div><\/div>\n<\/div>\n\n\n\n<figure class=\"wp-block-video\"><video height=\"360\" style=\"aspect-ratio: 640 \/ 360;\" width=\"640\" controls src=\"https:\/\/asaforte.com\/wp-content\/uploads\/2025\/12\/deixa-com-o-profissional.mp4\"><\/video><\/figure>\n\n\n\n<div class=\"wp-block-columns is-layout-flex wp-container-core-columns-is-layout-9d6595d7 wp-block-columns-is-layout-flex\">\n<div class=\"wp-block-column is-vertically-aligned-center is-layout-flow wp-block-column-is-layout-flow\">\n<figure class=\"wp-block-embed is-type-video is-provider-youtube wp-block-embed-youtube wp-embed-aspect-9-16 wp-has-aspect-ratio\"><div class=\"wp-block-embed__wrapper\">\n<iframe loading=\"lazy\" title=\"Para se tornar piloto agr\u00edcola, \u00e9 preciso: Ter uma boa forma\u00e7\u00e3o te\u00f3rica e pr\u00e1tica Obter a Licen\u00e7a\" width=\"563\" height=\"1000\" src=\"https:\/\/www.youtube.com\/embed\/7chuGgd7G7M?feature=oembed\" frameborder=\"0\" allow=\"accelerometer; autoplay; clipboard-write; encrypted-media; gyroscope; picture-in-picture; web-share\" referrerpolicy=\"strict-origin-when-cross-origin\" allowfullscreen><\/iframe>\n<\/div><\/figure>\n<\/div>\n\n\n\n<div class=\"wp-block-column is-vertically-aligned-center is-layout-flow wp-block-column-is-layout-flow\">\n<figure class=\"wp-block-video\"><video height=\"596\" style=\"aspect-ratio: 340 \/ 596;\" width=\"340\" controls src=\"https:\/\/asaforte.com\/wp-content\/uploads\/2025\/12\/piloto-agro-ganha-c.mp4\"><\/video><\/figure>\n<\/div>\n<\/div>\n\n\n\n<figure class=\"wp-block-image size-large\"><a href=\"https:\/\/asaforte.com\/?page_id=944\"><img loading=\"lazy\" decoding=\"async\" width=\"1024\" height=\"201\" src=\"https:\/\/asaforte.com\/wp-content\/uploads\/2025\/12\/check-market-1024x201.png\" alt=\"\" class=\"wp-image-1023\" srcset=\"https:\/\/asaforte.com\/wp-content\/uploads\/2025\/12\/check-market-1024x201.png 1024w, https:\/\/asaforte.com\/wp-content\/uploads\/2025\/12\/check-market-300x59.png 300w, https:\/\/asaforte.com\/wp-content\/uploads\/2025\/12\/check-market-768x151.png 768w, https:\/\/asaforte.com\/wp-content\/uploads\/2025\/12\/check-market-1536x302.png 1536w, https:\/\/asaforte.com\/wp-content\/uploads\/2025\/12\/check-market-2048x403.png 2048w\" sizes=\"auto, (max-width: 1024px) 100vw, 1024px\" \/><\/a><\/figure>\n","protected":false},"excerpt":{"rendered":"","protected":false},"author":1,"featured_media":0,"parent":0,"menu_order":0,"comment_status":"closed","ping_status":"closed","template":"","meta":{"footnotes":""},"class_list":["post-1076","page","type-page","status-publish","hentry"],"_links":{"self":[{"href":"https:\/\/asaforte.com\/index.php?rest_route=\/wp\/v2\/pages\/1076","targetHints":{"allow":["GET"]}}],"collection":[{"href":"https:\/\/asaforte.com\/index.php?rest_route=\/wp\/v2\/pages"}],"about":[{"href":"https:\/\/asaforte.com\/index.php?rest_route=\/wp\/v2\/types\/page"}],"author":[{"embeddable":true,"href":"https:\/\/asaforte.com\/index.php?rest_route=\/wp\/v2\/users\/1"}],"replies":[{"embeddable":true,"href":"https:\/\/asaforte.com\/index.php?rest_route=%2Fwp%2Fv2%2Fcomments&post=1076"}],"version-history":[{"count":13,"href":"https:\/\/asaforte.com\/index.php?rest_route=\/wp\/v2\/pages\/1076\/revisions"}],"predecessor-version":[{"id":1207,"href":"https:\/\/asaforte.com\/index.php?rest_route=\/wp\/v2\/pages\/1076\/revisions\/1207"}],"wp:attachment":[{"href":"https:\/\/asaforte.com\/index.php?rest_route=%2Fwp%2Fv2%2Fmedia&parent=1076"}],"curies":[{"name":"wp","href":"https:\/\/api.w.org\/{rel}","templated":true}]}}